{"id":26128,"date":"2022-02-01T19:10:42","date_gmt":"2022-02-01T19:10:42","guid":{"rendered":"https:\/\/powermotive.com\/v3\/?page_id=26128"},"modified":"2022-02-01T19:11:57","modified_gmt":"2022-02-01T19:11:57","slug":"projets","status":"publish","type":"page","link":"https:\/\/powermotive.com\/fr\/projets\/","title":{"rendered":"Projets"},"content":{"rendered":"<p>[et_pb_section fb_built=\u00a0\u00bb1&Prime; _builder_version=\u00a0\u00bb4.7.7&Prime; _module_preset=\u00a0\u00bbdefault\u00a0\u00bb background_image=\u00a0\u00bbhttps:\/\/powermotive.com\/wp-content\/uploads\/2021\/07\/markets_1005726511.jpg\u00a0\u00bb max_height=\u00a0\u00bb480px\u00a0\u00bb][\/et_pb_section][et_pb_section fb_built=\u00a0\u00bb1&Prime; _builder_version=\u00a0\u00bb4.7.7&Prime; _module_preset=\u00a0\u00bbdefault\u00a0\u00bb background_color=\u00a0\u00bb#f7f7f7&Prime; custom_padding=\u00a0\u00bb0px||3px|||\u00a0\u00bb][et_pb_row column_structure=\u00a0\u00bb1_2,1_2&Prime; _builder_version=\u00a0\u00bb4.7.7&Prime; _module_preset=\u00a0\u00bbdefault\u00a0\u00bb][et_pb_column type=\u00a0\u00bb1_2&Prime; _builder_version=\u00a0\u00bb4.7.7&Prime; _module_preset=\u00a0\u00bbdefault\u00a0\u00bb][et_pb_text _builder_version=\u00a0\u00bb4.7.7&Prime; _module_preset=\u00a0\u00bbdefault\u00a0\u00bb]<\/p>\n<h1><strong>Our projects<\/strong><\/h1>\n<p>[\/et_pb_text][et_pb_text disabled_on=\u00a0\u00bbon|on|on\u00a0\u00bb _builder_version=\u00a0\u00bb4.7.7&Prime; _module_preset=\u00a0\u00bbdefault\u00a0\u00bb disabled=\u00a0\u00bbon\u00a0\u00bb]Powermotive Industries produces OEM and Aftermarket precision parts for a variety of applications around the world. This success is due to our confidence we have in our skills, in our experience and the quality of our various processes. Powermotive\u2019s parts are used throughout Canada, the USA, Australia, Germany, UK, Chile and South Africa.<\/p>\n<p>Our customers find the best solutions for their needs at the right price.[\/et_pb_text][et_pb_text _builder_version=\u00a0\u00bb4.7.7&Prime; _module_preset=\u00a0\u00bbdefault\u00a0\u00bb hover_enabled=\u00a0\u00bb0&Prime; sticky_enabled=\u00a0\u00bb0&Prime;]Industries: Agriculture, Industriel, \u00c9quipements lourds, \u00c9nergie renouvelable.<\/p>\n<p>Mat\u00e9riaux: Acier, Acier inoxydable, Aluminium, Titane et Alliages haute temp\u00e9rature.<\/p>\n<p>Nos composants sont usin\u00e9s \u00e0 l&rsquo;aide de machines \u00e0 contr\u00f4le num\u00e9rique de 3 ou 4 axes. Envoyez-nous vos dessins techniques et permettez-nous de vous envoyer une soumission. Nous \u00e9tablissons des devis de mani\u00e8re comp\u00e9titive et maintiendrons la plus haute qualit\u00e9 en utilisant nos services usinage.[\/et_pb_text][\/et_pb_column][et_pb_column type=\u00a0\u00bb1_2&Prime; _builder_version=\u00a0\u00bb4.7.7&Prime; _module_preset=\u00a0\u00bbdefault\u00a0\u00bb][et_pb_gallery gallery_ids=\u00a0\u00bb25886,25889,25892,25895,25898,25901,25904,25907,25910,25913,25916,25919,25925,25928,25931,25934&Prime; show_title_and_caption=\u00a0\u00bboff\u00a0\u00bb _builder_version=\u00a0\u00bb4.7.7&Prime; _module_preset=\u00a0\u00bbdefault\u00a0\u00bb][\/et_pb_gallery][\/et_pb_column][\/et_pb_row][et_pb_row disabled_on=\u00a0\u00bbon|on|on\u00a0\u00bb _builder_version=\u00a0\u00bb4.7.7&Prime; _module_preset=\u00a0\u00bbdefault\u00a0\u00bb background_color=\u00a0\u00bb#ffffff\u00a0\u00bb disabled=\u00a0\u00bbon\u00a0\u00bb][et_pb_column type=\u00a0\u00bb4_4&Prime; _builder_version=\u00a0\u00bb4.7.7&Prime; _module_preset=\u00a0\u00bbdefault\u00a0\u00bb][et_pb_image src=\u00a0\u00bbhttps:\/\/powermotive.com\/wp-content\/uploads\/2021\/07\/clip_image008.png\u00a0\u00bb title_text=\u00a0\u00bbclip_image008&Prime; align=\u00a0\u00bbcenter\u00a0\u00bb _builder_version=\u00a0\u00bb4.7.7&Prime; _module_preset=\u00a0\u00bbdefault\u00a0\u00bb][\/et_pb_image][\/et_pb_column][\/et_pb_row][\/et_pb_section]<\/p>\n","protected":false},"excerpt":{"rendered":"<p>Our projectsPowermotive Industries produces OEM and Aftermarket precision parts for a variety of applications around the world. This success is due to our confidence we have in our skills, in our experience and the quality of our various processes. Powermotive\u2019s parts are used throughout Canada, the USA, Australia, Germany, UK, Chile and South Africa. Our [&hellip;]<\/p>\n","protected":false},"author":1,"featured_media":0,"parent":0,"menu_order":0,"comment_status":"closed","ping_status":"closed","template":"","meta":{"_et_pb_use_builder":"on","_et_pb_old_content":"","_et_gb_content_width":"","footnotes":""},"class_list":["post-26128","page","type-page","status-publish","hentry"],"_links":{"self":[{"href":"https:\/\/powermotive.com\/fr\/wp-json\/wp\/v2\/pages\/26128","targetHints":{"allow":["GET"]}}],"collection":[{"href":"https:\/\/powermotive.com\/fr\/wp-json\/wp\/v2\/pages"}],"about":[{"href":"https:\/\/powermotive.com\/fr\/wp-json\/wp\/v2\/types\/page"}],"author":[{"embeddable":true,"href":"https:\/\/powermotive.com\/fr\/wp-json\/wp\/v2\/users\/1"}],"replies":[{"embeddable":true,"href":"https:\/\/powermotive.com\/fr\/wp-json\/wp\/v2\/comments?post=26128"}],"version-history":[{"count":2,"href":"https:\/\/powermotive.com\/fr\/wp-json\/wp\/v2\/pages\/26128\/revisions"}],"predecessor-version":[{"id":26130,"href":"https:\/\/powermotive.com\/fr\/wp-json\/wp\/v2\/pages\/26128\/revisions\/26130"}],"wp:attachment":[{"href":"https:\/\/powermotive.com\/fr\/wp-json\/wp\/v2\/media?parent=26128"}],"curies":[{"name":"wp","href":"https:\/\/api.w.org\/{rel}","templated":true}]}}