{"id":26116,"date":"2022-01-31T19:18:25","date_gmt":"2022-01-31T19:18:25","guid":{"rendered":"https:\/\/powermotive.com\/v3\/?page_id=26116"},"modified":"2022-01-31T19:46:10","modified_gmt":"2022-01-31T19:46:10","slug":"services","status":"publish","type":"page","link":"https:\/\/powermotive.com\/fr\/services\/","title":{"rendered":"Services"},"content":{"rendered":"<p>[et_pb_section fb_built=\u00a0\u00bb1&Prime; _builder_version=\u00a0\u00bb4.7.7&Prime; _module_preset=\u00a0\u00bbdefault\u00a0\u00bb background_image=\u00a0\u00bbhttps:\/\/powermotive.com\/wp-content\/uploads\/2021\/10\/Picture3.jpg\u00a0\u00bb max_height=\u00a0\u00bb480px\u00a0\u00bb][et_pb_row disabled_on=\u00a0\u00bbon|on|on\u00a0\u00bb _builder_version=\u00a0\u00bb4.7.7&Prime; _module_preset=\u00a0\u00bbdefault\u00a0\u00bb disabled=\u00a0\u00bbon\u00a0\u00bb][et_pb_column type=\u00a0\u00bb4_4&Prime; _builder_version=\u00a0\u00bb4.7.7&Prime; _module_preset=\u00a0\u00bbdefault\u00a0\u00bb][et_pb_text _builder_version=\u00a0\u00bb4.7.7&Prime; _module_preset=\u00a0\u00bbdefault\u00a0\u00bb background_color=\u00a0\u00bb#ffffff\u00a0\u00bb custom_padding=\u00a0\u00bb20px|20px|20px|20px|true|true\u00a0\u00bb border_radii=\u00a0\u00bbon|20px|20px|20px|20px\u00a0\u00bb]We have the ability and capacity to manufacture a variety of products using different materials as steel, steen steal and aluminium.&nbsp;<span style=\"font-size: 16px;\">Our engineers have the skills to develop and manufacture any mechanical components according to your needs. Our experienced technical staff can provide assistance with material selection, technical queries, the design of parts, finish specifications and cost efficiency.<\/span>[\/et_pb_text][\/et_pb_column][\/et_pb_row][\/et_pb_section][et_pb_section fb_built=\u00a0\u00bb1&Prime; _builder_version=\u00a0\u00bb4.7.7&Prime; _module_preset=\u00a0\u00bbdefault\u00a0\u00bb background_color=\u00a0\u00bb#f7f7f7&Prime; custom_padding=\u00a0\u00bb0px||54px|||\u00a0\u00bb bottom_divider_flip=\u00a0\u00bbhorizontal\u00a0\u00bb][et_pb_row disabled_on=\u00a0\u00bbon|on|on\u00a0\u00bb _builder_version=\u00a0\u00bb4.7.7&Prime; _module_preset=\u00a0\u00bbdefault\u00a0\u00bb custom_padding=\u00a0\u00bb35px|||||\u00a0\u00bb disabled=\u00a0\u00bbon\u00a0\u00bb][et_pb_column type=\u00a0\u00bb4_4&Prime; _builder_version=\u00a0\u00bb4.7.7&Prime; _module_preset=\u00a0\u00bbdefault\u00a0\u00bb][et_pb_gallery gallery_ids=\u00a0\u00bb366,369,372,375,378,381,384,387,390,393,396,399,402,405,408&Prime; fullwidth=\u00a0\u00bbon\u00a0\u00bb _builder_version=\u00a0\u00bb4.7.7&Prime; _module_preset=\u00a0\u00bbdefault\u00a0\u00bb auto=\u00a0\u00bbon\u00a0\u00bb auto_speed=\u00a0\u00bb4000&Prime;][\/et_pb_gallery][\/et_pb_column][\/et_pb_row][et_pb_row _builder_version=\u00a0\u00bb4.7.7&Prime; _module_preset=\u00a0\u00bbdefault\u00a0\u00bb width=\u00a0\u00bb80%\u00a0\u00bb][et_pb_column type=\u00a0\u00bb4_4&Prime; _builder_version=\u00a0\u00bb4.7.7&Prime; _module_preset=\u00a0\u00bbdefault\u00a0\u00bb][et_pb_text _builder_version=\u00a0\u00bb4.7.7&Prime; _module_preset=\u00a0\u00bbdefault\u00a0\u00bb text_orientation=\u00a0\u00bbcenter\u00a0\u00bb hover_enabled=\u00a0\u00bb0&Prime; sticky_enabled=\u00a0\u00bb0&Prime;]Nous avons la capacit\u00e9 d\u2019usiner une vari\u00e9t\u00e9 de pi\u00e8ces de pr\u00e9cision, en utilisant diff\u00e9rents mat\u00e9riaux comme l&rsquo;acier, les aciers inoxydables, l&rsquo;aluminium, le cuivre, le titane et les alliages \u00e0 haute temp\u00e9rature. <\/p>\n<p>Nous avons les comp\u00e9tences n\u00e9cessaires pour d\u00e9velopper et fabriquer tout type de composants de tournage horizontal selon vos besoins. Notre personnel technique exp\u00e9riment\u00e9 peut vous aider dans la s\u00e9lection des mat\u00e9riaux, questions techniques,conception des pi\u00e8ces,sp\u00e9cifications de finition et rentabilit\u00e9.[\/et_pb_text][\/et_pb_column][\/et_pb_row][\/et_pb_section][et_pb_section fb_built=\u00a0\u00bb1&Prime; next_background_color=\u00a0\u00bb#ffffff\u00a0\u00bb _builder_version=\u00a0\u00bb4.7.7&Prime; _module_preset=\u00a0\u00bbdefault\u00a0\u00bb background_color=\u00a0\u00bb#f7f7f7&Prime; custom_padding=\u00a0\u00bb0px||54px|||\u00a0\u00bb bottom_divider_style=\u00a0\u00bbarrow3&Prime; bottom_divider_flip=\u00a0\u00bbhorizontal\u00a0\u00bb][et_pb_row column_structure=\u00a0\u00bb1_2,1_2&Prime; _builder_version=\u00a0\u00bb4.7.7&Prime; _module_preset=\u00a0\u00bbdefault\u00a0\u00bb][et_pb_column type=\u00a0\u00bb1_2&Prime; _builder_version=\u00a0\u00bb4.7.7&Prime; _module_preset=\u00a0\u00bbdefault\u00a0\u00bb][et_pb_image src=\u00a0\u00bbhttps:\/\/powermotive.com\/wp-content\/uploads\/2021\/10\/Picture3.jpg\u00a0\u00bb title_text=\u00a0\u00bbPicture3&Prime; _builder_version=\u00a0\u00bb4.7.7&Prime; _module_preset=\u00a0\u00bbdefault\u00a0\u00bb][\/et_pb_image][\/et_pb_column][et_pb_column type=\u00a0\u00bb1_2&Prime; _builder_version=\u00a0\u00bb4.7.7&Prime; _module_preset=\u00a0\u00bbdefault\u00a0\u00bb][et_pb_text _builder_version=\u00a0\u00bb4.7.7&Prime; _module_preset=\u00a0\u00bbdefault\u00a0\u00bb hover_enabled=\u00a0\u00bb0&Prime; sticky_enabled=\u00a0\u00bb0&Prime;]<\/p>\n<h4><strong>Usinage de control num\u00e9rique (tournage) <\/strong><\/h4>\n<p>Nous nous sommes sp\u00e9cialis\u00e9s dans les services de tournage et de fraisage par CNC. <\/p>\n<p>Nos op\u00e9rations d&rsquo;usinage sont support\u00e9es, gr\u00e2ce \u00e0 l\u2019utilisation tours de contr\u00f4le num\u00e9rique multiplex de 3 \u00e0 4 axes, une \u00e9quipe de machinistes hors pair, et une structure d&rsquo;assurance qualit\u00e9 de premier ordre. Notre contr\u00f4le de qualit\u00e9 strict garantit que les produits de qualit\u00e9 inf\u00e9rieure ne sont jamais exp\u00e9di\u00e9s. <\/p>\n<p>Nous sommes fiers de la satisfaction de nos clients. Cette mentalit\u00e9 ne se refl\u00e8te pas seulement au niveau de la direction, mais aussi au niveau de notre staff. Chaque op\u00e9ration d&rsquo;usinage est document\u00e9e et inspect\u00e9e pour r\u00e9pondre aux sp\u00e9cifications des clients du premier coup.[\/et_pb_text][\/et_pb_column][\/et_pb_row][\/et_pb_section][et_pb_section fb_built=\u00a0\u00bb1&Prime; _builder_version=\u00a0\u00bb4.7.7&Prime; _module_preset=\u00a0\u00bbdefault\u00a0\u00bb][et_pb_row column_structure=\u00a0\u00bb1_2,1_2&Prime; _builder_version=\u00a0\u00bb4.7.7&Prime; _module_preset=\u00a0\u00bbdefault\u00a0\u00bb][et_pb_column type=\u00a0\u00bb1_2&Prime; _builder_version=\u00a0\u00bb4.7.7&Prime; _module_preset=\u00a0\u00bbdefault\u00a0\u00bb][et_pb_text _builder_version=\u00a0\u00bb4.7.7&Prime; _module_preset=\u00a0\u00bbdefault\u00a0\u00bb hover_enabled=\u00a0\u00bb0&Prime; sticky_enabled=\u00a0\u00bb0&Prime;]<\/p>\n<h4><strong>D\u00e9veloppement de produits \u00ab fait sur mesure \u00bb<\/strong><\/h4>\n<p>Gr\u00e2ce \u00e0 notre expertise et nos qualifications, nos techniciens sont capables de d\u00e9velopper tout type de pi\u00e8ces m\u00e9talliques selon vos besoins et sp\u00e9cifications. Notre \u00e9quipe de production a les comp\u00e9tences pour d\u00e9velopper et fabriquer des composants m\u00e9caniques en fonction de vos besoins.<br \/>\nNos techniciens exp\u00e9riment\u00e9s peuvent fournir une assistance avec la s\u00e9lection des mat\u00e9riaux, des questions techniques, la conception de pi\u00e8ces, les sp\u00e9cifications de finition et de l\u2019efficacit\u00e9 des co\u00fbts.[\/et_pb_text][\/et_pb_column][et_pb_column type=\u00a0\u00bb1_2&Prime; _builder_version=\u00a0\u00bb4.7.7&Prime; _module_preset=\u00a0\u00bbdefault\u00a0\u00bb][et_pb_image src=\u00a0\u00bbhttps:\/\/powermotive.com\/wp-content\/uploads\/2021\/03\/ppap_developement-de-pieces-768&#215;396-1.jpg\u00a0\u00bb title_text=\u00a0\u00bbppap_developement-de-pieces-768&#215;396&Prime; _builder_version=\u00a0\u00bb4.7.7&Prime; _module_preset=\u00a0\u00bbdefault\u00a0\u00bb][\/et_pb_image][\/et_pb_column][\/et_pb_row][\/et_pb_section][et_pb_section fb_built=\u00a0\u00bb1&Prime; next_background_color=\u00a0\u00bb#ffffff\u00a0\u00bb disabled_on=\u00a0\u00bboff|off|off\u00a0\u00bb _builder_version=\u00a0\u00bb4.7.7&Prime; _module_preset=\u00a0\u00bbdefault\u00a0\u00bb background_color=\u00a0\u00bb#f7f7f7&Prime; custom_padding=\u00a0\u00bb0px||54px|||\u00a0\u00bb bottom_divider_style=\u00a0\u00bbarrow3&Prime; bottom_divider_flip=\u00a0\u00bbhorizontal\u00a0\u00bb][et_pb_row column_structure=\u00a0\u00bb1_2,1_2&Prime; _builder_version=\u00a0\u00bb4.7.7&Prime; _module_preset=\u00a0\u00bbdefault\u00a0\u00bb][et_pb_column type=\u00a0\u00bb1_2&Prime; _builder_version=\u00a0\u00bb4.7.7&Prime; _module_preset=\u00a0\u00bbdefault\u00a0\u00bb][et_pb_text _builder_version=\u00a0\u00bb4.7.7&Prime; _module_preset=\u00a0\u00bbdefault\u00a0\u00bb hover_enabled=\u00a0\u00bb0&Prime; sticky_enabled=\u00a0\u00bb0&Prime;]<\/p>\n<h4><strong>Processus d\u2019Homologation des Pi\u00e8ces de Production (PHPP)<\/strong><\/h4>\n<p>Gr\u00e2ce \u00e0 l\u2019utilisation efficiente du PHPP, vous pouvez avoir confiance que Powermotive comprend et respecte les demandes de vos designs, minimise les risques d\u2019\u00e9chec en utilisant la Planification Avanc\u00e9e de la Qualit\u00e9 (APQP)<\/p>\n<h4><strong>Sous Traitance<\/strong><\/h4>\n<p> Notre structure nous permet d&rsquo;accueillir des nouvelles offrir nos services de sous traitances.<br \/>\n[\/et_pb_text][\/et_pb_column][et_pb_column type=\u00a0\u00bb1_2&Prime; _builder_version=\u00a0\u00bb4.7.7&Prime; _module_preset=\u00a0\u00bbdefault\u00a0\u00bb][et_pb_text _builder_version=\u00a0\u00bb4.7.7&Prime; _module_preset=\u00a0\u00bbdefault\u00a0\u00bb hover_enabled=\u00a0\u00bb0&Prime; sticky_enabled=\u00a0\u00bb0&Prime;]<\/p>\n<h4><strong>Autres proc\u00e9d\u00e9s<\/strong><\/h4>\n<p>Meulage<br \/>\nInduction thermique<br \/>\nPolissage<br \/>\nAnalyse des pi\u00e8ces du syst\u00e8me X Ray<br \/>\nEssais de corrosion (brouillard salin) ASTM B117[\/et_pb_text][\/et_pb_column][\/et_pb_row][\/et_pb_section][et_pb_section fb_built=\u00a0\u00bb1&Prime; disabled_on=\u00a0\u00bbon|on|on\u00a0\u00bb _builder_version=\u00a0\u00bb4.7.7&Prime; _module_preset=\u00a0\u00bbdefault\u00a0\u00bb disabled=\u00a0\u00bbon\u00a0\u00bb][et_pb_row column_structure=\u00a0\u00bb1_2,1_2&Prime; _builder_version=\u00a0\u00bb4.7.7&Prime; _module_preset=\u00a0\u00bbdefault\u00a0\u00bb][et_pb_column type=\u00a0\u00bb1_2&Prime; _builder_version=\u00a0\u00bb4.7.7&Prime; _module_preset=\u00a0\u00bbdefault\u00a0\u00bb][\/et_pb_column][et_pb_column type=\u00a0\u00bb1_2&Prime; _builder_version=\u00a0\u00bb4.7.7&Prime; _module_preset=\u00a0\u00bbdefault\u00a0\u00bb][et_pb_image src=\u00a0\u00bbhttps:\/\/powermotive.com\/wp-content\/uploads\/2021\/03\/placage-768&#215;396-1.jpg\u00a0\u00bb title_text=\u00a0\u00bbplacage-768&#215;396&Prime; _builder_version=\u00a0\u00bb4.7.7&Prime; _module_preset=\u00a0\u00bbdefault\u00a0\u00bb][\/et_pb_image][\/et_pb_column][\/et_pb_row][\/et_pb_section]<\/p>\n","protected":false},"excerpt":{"rendered":"<p>We have the ability and capacity to manufacture a variety of products using different materials as steel, steen steal and aluminium.&nbsp;Our engineers have the skills to develop and manufacture any mechanical components according to your needs. Our experienced technical staff can provide assistance with material selection, technical queries, the design of parts, finish specifications and [&hellip;]<\/p>\n","protected":false},"author":1,"featured_media":0,"parent":0,"menu_order":0,"comment_status":"closed","ping_status":"closed","template":"","meta":{"_et_pb_use_builder":"on","_et_pb_old_content":"","_et_gb_content_width":"","footnotes":""},"class_list":["post-26116","page","type-page","status-publish","hentry"],"_links":{"self":[{"href":"https:\/\/powermotive.com\/fr\/wp-json\/wp\/v2\/pages\/26116","targetHints":{"allow":["GET"]}}],"collection":[{"href":"https:\/\/powermotive.com\/fr\/wp-json\/wp\/v2\/pages"}],"about":[{"href":"https:\/\/powermotive.com\/fr\/wp-json\/wp\/v2\/types\/page"}],"author":[{"embeddable":true,"href":"https:\/\/powermotive.com\/fr\/wp-json\/wp\/v2\/users\/1"}],"replies":[{"embeddable":true,"href":"https:\/\/powermotive.com\/fr\/wp-json\/wp\/v2\/comments?post=26116"}],"version-history":[{"count":2,"href":"https:\/\/powermotive.com\/fr\/wp-json\/wp\/v2\/pages\/26116\/revisions"}],"predecessor-version":[{"id":26125,"href":"https:\/\/powermotive.com\/fr\/wp-json\/wp\/v2\/pages\/26116\/revisions\/26125"}],"wp:attachment":[{"href":"https:\/\/powermotive.com\/fr\/wp-json\/wp\/v2\/media?parent=26116"}],"curies":[{"name":"wp","href":"https:\/\/api.w.org\/{rel}","templated":true}]}}