{"id":26105,"date":"2021-02-19T18:41:49","date_gmt":"2021-02-19T18:41:49","guid":{"rendered":"https:\/\/powermotive.com\/v3\/markets\/"},"modified":"2022-01-28T22:41:34","modified_gmt":"2022-01-28T22:41:34","slug":"markets","status":"publish","type":"page","link":"https:\/\/powermotive.com\/fr\/markets\/","title":{"rendered":"March\u00e9s"},"content":{"rendered":"<p>[et_pb_section fb_built=\u00a0\u00bb1&Prime; _builder_version=\u00a0\u00bb4.7.7&Prime; _module_preset=\u00a0\u00bbdefault\u00a0\u00bb background_image=\u00a0\u00bbhttps:\/\/powermotive.com\/wp-content\/uploads\/2021\/07\/markets_1005726511.jpg\u00a0\u00bb max_height=\u00a0\u00bb480px\u00a0\u00bb][\/et_pb_section][et_pb_section fb_built=\u00a0\u00bb1&Prime; disabled_on=\u00a0\u00bbon|on|on\u00a0\u00bb _builder_version=\u00a0\u00bb4.7.7&Prime; _module_preset=\u00a0\u00bbdefault\u00a0\u00bb background_image=\u00a0\u00bbhttps:\/\/powermotive.com\/wp-content\/uploads\/2021\/02\/pexels-skitterphoto-633850.jpg\u00a0\u00bb max_height=\u00a0\u00bb480px\u00a0\u00bb disabled=\u00a0\u00bbon\u00a0\u00bb][et_pb_row _builder_version=\u00a0\u00bb4.7.7&Prime; _module_preset=\u00a0\u00bbdefault\u00a0\u00bb][et_pb_column type=\u00a0\u00bb4_4&Prime; _builder_version=\u00a0\u00bb4.7.7&Prime; _module_preset=\u00a0\u00bbdefault\u00a0\u00bb][et_pb_text _builder_version=\u00a0\u00bb4.7.7&Prime; _module_preset=\u00a0\u00bbdefault\u00a0\u00bb background_color=\u00a0\u00bb#ffffff\u00a0\u00bb custom_padding=\u00a0\u00bb20px|20px|20px|20px|true|true\u00a0\u00bb border_radii=\u00a0\u00bbon|20px|20px|20px|20px\u00a0\u00bb]Powermotive Industries produces OEM and Aftermarket precision parts for a variety of applications. Powermotive\u2019s parts are used throughout Canada, the USA, Japan, Australia, the UK and South Africa. This success is due to our confidence we have in our skills, in our experience and the quality of our various processes. Our customers find the best solutions for their needs at the right price.[\/et_pb_text][\/et_pb_column][\/et_pb_row][\/et_pb_section][et_pb_section fb_built=\u00a0\u00bb1&Prime; _builder_version=\u00a0\u00bb4.7.7&Prime; _module_preset=\u00a0\u00bbdefault\u00a0\u00bb custom_padding=\u00a0\u00bb2px|||||\u00a0\u00bb][et_pb_row column_structure=\u00a0\u00bb1_2,1_2&Prime; _builder_version=\u00a0\u00bb4.7.7&Prime; _module_preset=\u00a0\u00bbdefault\u00a0\u00bb][et_pb_column type=\u00a0\u00bb1_2&Prime; _builder_version=\u00a0\u00bb4.7.7&Prime; _module_preset=\u00a0\u00bbdefault\u00a0\u00bb][et_pb_video src=\u00a0\u00bbhttps:\/\/powermotive.com\/wp-content\/uploads\/2021\/08\/Video-Powermotive-Markets-2.mp4&Prime; _builder_version=\u00a0\u00bb4.7.7&Prime; _module_preset=\u00a0\u00bbdefault\u00a0\u00bb custom_margin=\u00a0\u00bb80px||||false|false\u00a0\u00bb][\/et_pb_video][\/et_pb_column][et_pb_column type=\u00a0\u00bb1_2&Prime; _builder_version=\u00a0\u00bb4.7.7&Prime; _module_preset=\u00a0\u00bbdefault\u00a0\u00bb][et_pb_image src=\u00a0\u00bbhttps:\/\/powermotive.com\/wp-content\/uploads\/2022\/01\/markets_fr.png\u00a0\u00bb title_text=\u00a0\u00bbmarkets_fr\u00a0\u00bb _builder_version=\u00a0\u00bb4.7.7&Prime; _module_preset=\u00a0\u00bbdefault\u00a0\u00bb hover_enabled=\u00a0\u00bb0&Prime; sticky_enabled=\u00a0\u00bb0&Prime;][\/et_pb_image][\/et_pb_column][\/et_pb_row][\/et_pb_section][et_pb_section fb_built=\u00a0\u00bb1&Prime; next_background_color=\u00a0\u00bb#f7f7f7&Prime; _builder_version=\u00a0\u00bb4.7.7&Prime; _module_preset=\u00a0\u00bbdefault\u00a0\u00bb custom_padding=\u00a0\u00bb0px||0px|||\u00a0\u00bb bottom_divider_style=\u00a0\u00bbarrow3&Prime; bottom_divider_flip=\u00a0\u00bbhorizontal\u00a0\u00bb][et_pb_row column_structure=\u00a0\u00bb1_6,1_6,1_6,1_2&Prime; disabled_on=\u00a0\u00bbon|on|on\u00a0\u00bb _builder_version=\u00a0\u00bb4.7.7&Prime; _module_preset=\u00a0\u00bbdefault\u00a0\u00bb custom_padding=\u00a0\u00bb48px|||||\u00a0\u00bb disabled=\u00a0\u00bbon\u00a0\u00bb][et_pb_column type=\u00a0\u00bb1_6&Prime; _builder_version=\u00a0\u00bb4.7.7&Prime; _module_preset=\u00a0\u00bbdefault\u00a0\u00bb][et_pb_blurb title=\u00a0\u00bbMarket 01&Prime; image=\u00a0\u00bbhttps:\/\/powermotive.com\/wp-content\/uploads\/2021\/03\/ico_00.jpg\u00a0\u00bb _builder_version=\u00a0\u00bb4.7.7&Prime; _module_preset=\u00a0\u00bbdefault\u00a0\u00bb text_orientation=\u00a0\u00bbcenter\u00a0\u00bb][\/et_pb_blurb][et_pb_blurb title=\u00a0\u00bbMarket 01&Prime; image=\u00a0\u00bbhttps:\/\/powermotive.com\/wp-content\/uploads\/2021\/04\/ico_02b.png\u00a0\u00bb _builder_version=\u00a0\u00bb4.7.7&Prime; _module_preset=\u00a0\u00bbdefault\u00a0\u00bb text_orientation=\u00a0\u00bbcenter\u00a0\u00bb][\/et_pb_blurb][\/et_pb_column][et_pb_column type=\u00a0\u00bb1_6&Prime; _builder_version=\u00a0\u00bb4.7.7&Prime; _module_preset=\u00a0\u00bbdefault\u00a0\u00bb][et_pb_blurb title=\u00a0\u00bbMarket 01&Prime; image=\u00a0\u00bbhttps:\/\/powermotive.com\/wp-content\/uploads\/2021\/03\/ico_01.jpg.png\u00a0\u00bb _builder_version=\u00a0\u00bb4.7.7&Prime; _module_preset=\u00a0\u00bbdefault\u00a0\u00bb text_orientation=\u00a0\u00bbcenter\u00a0\u00bb][\/et_pb_blurb][et_pb_blurb title=\u00a0\u00bbMarket 01&Prime; image=\u00a0\u00bbhttps:\/\/powermotive.com\/wp-content\/uploads\/2021\/04\/icos_car.png\u00a0\u00bb _builder_version=\u00a0\u00bb4.7.7&Prime; _module_preset=\u00a0\u00bbdefault\u00a0\u00bb text_orientation=\u00a0\u00bbcenter\u00a0\u00bb][\/et_pb_blurb][\/et_pb_column][et_pb_column type=\u00a0\u00bb1_6&Prime; _builder_version=\u00a0\u00bb4.7.7&Prime; _module_preset=\u00a0\u00bbdefault\u00a0\u00bb][et_pb_blurb title=\u00a0\u00bbMarket 01&Prime; image=\u00a0\u00bbhttps:\/\/powermotive.com\/wp-content\/uploads\/2021\/04\/icos_truck2.png\u00a0\u00bb _builder_version=\u00a0\u00bb4.7.7&Prime; _module_preset=\u00a0\u00bbdefault\u00a0\u00bb text_orientation=\u00a0\u00bbcenter\u00a0\u00bb][\/et_pb_blurb][et_pb_blurb title=\u00a0\u00bbMarket 01&Prime; image=\u00a0\u00bbhttps:\/\/powermotive.com\/wp-content\/uploads\/2021\/04\/icos_truck.png\u00a0\u00bb _builder_version=\u00a0\u00bb4.7.7&Prime; _module_preset=\u00a0\u00bbdefault\u00a0\u00bb text_orientation=\u00a0\u00bbcenter\u00a0\u00bb][\/et_pb_blurb][\/et_pb_column][et_pb_column type=\u00a0\u00bb1_2&Prime; _builder_version=\u00a0\u00bb4.7.7&Prime; _module_preset=\u00a0\u00bbdefault\u00a0\u00bb][et_pb_text _builder_version=\u00a0\u00bb4.7.7&Prime; _module_preset=\u00a0\u00bbdefault\u00a0\u00bb]<\/p>\n<h1>Our products around the world<\/h1>\n<p>[\/et_pb_text][et_pb_text _builder_version=\u00a0\u00bb4.7.7&Prime; _module_preset=\u00a0\u00bbdefault\u00a0\u00bb] <!-- start Fla-shop.com HTML5 Map --> <div class='freeHtmlMapbottom htmlMapResponsive' style='max-width:780px; width: 100%'> <div id='map-container-0' class='freeHtmlMapContainer' data-map-variable='map0'><\/div> <link href='https:\/\/powermotive.com\/wp-content\/plugins\/html5-maps\/static\/css\/map.css' rel='stylesheet'> <style> body .fm-tooltip { color: #000000; font-size: 20px; } <\/style> <script src='\/\/cdn.html5maps.com\/3d_party\/raphael.min.js'><\/script> <script src='https:\/\/powermotive.com\/index.php?freemap_js_data=true&map_id=0&r=12066'><\/script> <script src='\/\/cdn.html5maps.com\/libs\/locator\/2.4.8\/world\/map.js'><\/script> <script> var map0 = new FlaMap(map_cfg); map0.drawOnDomReady('map-container-0'); map0.on('click', function(ev, sid, map) { jQuery('#freeHtmlMapStateInfo0').html(''); var link = map.mapConfig.map_data[sid]['link']; if (link == '#info') { var id = map.mapConfig.map_data[sid]['id']; jQuery('#freeHtmlMapStateInfo0').html('Chargement\u2026'); jQuery.ajax({ type: 'POST', url: 'https:\/\/powermotive.com\/index.php?freemap_get_state_info='+id+'&map_id=0', success: function(data, textStatus, jqXHR){ jQuery('#freeHtmlMapStateInfo0').html(data); }, dataType: 'text' }); } }); <\/script> <div id='freeHtmlMapStateInfo0' class='freeHtmlMapStateInfo'><\/div> <\/div> <div style='clear: both'><\/div> <!-- end HTML5 Map --> [\/et_pb_text][\/et_pb_column][\/et_pb_row][\/et_pb_section][et_pb_section fb_built=\u00a0\u00bb1&Prime; _builder_version=\u00a0\u00bb4.7.7&Prime; _module_preset=\u00a0\u00bbdefault\u00a0\u00bb background_color=\u00a0\u00bb#f7f7f7&Prime; custom_padding=\u00a0\u00bb0px||3px|||\u00a0\u00bb][et_pb_row column_structure=\u00a0\u00bb3_5,2_5&Prime; _builder_version=\u00a0\u00bb4.7.7&Prime; _module_preset=\u00a0\u00bbdefault\u00a0\u00bb][et_pb_column type=\u00a0\u00bb3_5&Prime; _builder_version=\u00a0\u00bb4.7.7&Prime; _module_preset=\u00a0\u00bbdefault\u00a0\u00bb][et_pb_text _builder_version=\u00a0\u00bb4.7.7&Prime; _module_preset=\u00a0\u00bbdefault\u00a0\u00bb hover_enabled=\u00a0\u00bb0&Prime; sticky_enabled=\u00a0\u00bb0&Prime;]<\/p>\n<h1><strong>March\u00e9s desservis<\/strong><\/h1>\n<p>[\/et_pb_text][et_pb_text _builder_version=\u00a0\u00bb4.7.7&Prime; _module_preset=\u00a0\u00bbdefault\u00a0\u00bb hover_enabled=\u00a0\u00bb0&Prime; sticky_enabled=\u00a0\u00bb0&Prime;]Les industries Powermotive Inc. manufacture composants pour les fabricants d&rsquo;\u00e9quipement d\u2019origine (FEO) et de pi\u00e8ces de rechange pour une vari\u00e9t\u00e9 d\u2019applications.<\/p>\n<p>Ces pi\u00e8ces sont utilis\u00e9es \u00e0 travers le Canada, aux \u00c9tats-Unis, en Europe et en Afrique du Sud. Ce succ\u00e8s est attribuable \u00e0 la confiance en nos comp\u00e9tences, notre exp\u00e9rience et la qualit\u00e9 de nos proc\u00e8s. Nos clients trouvent les meilleures solutions adapt\u00e9es \u00e0 leurs besoins au juste prix.[\/et_pb_text][\/et_pb_column][et_pb_column type=\u00a0\u00bb2_5&Prime; _builder_version=\u00a0\u00bb4.7.7&Prime; _module_preset=\u00a0\u00bbdefault\u00a0\u00bb][et_pb_image src=\u00a0\u00bbhttps:\/\/powermotive.com\/wp-content\/uploads\/2021\/02\/machine-new-300&#215;225-1.jpg\u00a0\u00bb title_text=\u00a0\u00bbmachine-new-300&#215;225&Prime; _builder_version=\u00a0\u00bb4.7.7&Prime; _module_preset=\u00a0\u00bbdefault\u00a0\u00bb custom_padding=\u00a0\u00bb||0px|||\u00a0\u00bb border_radii=\u00a0\u00bbon|10px|10px|10px|10px\u00a0\u00bb][\/et_pb_image][\/et_pb_column][\/et_pb_row][\/et_pb_section]<\/p>\n","protected":false},"excerpt":{"rendered":"<p>Powermotive Industries produces OEM and Aftermarket precision parts for a variety of applications. Powermotive\u2019s parts are used throughout Canada, the USA, Japan, Australia, the UK and South Africa. This success is due to our confidence we have in our skills, in our experience and the quality of our various processes. Our customers find the best [&hellip;]<\/p>\n","protected":false},"author":1,"featured_media":0,"parent":0,"menu_order":0,"comment_status":"closed","ping_status":"closed","template":"","meta":{"_et_pb_use_builder":"on","_et_pb_old_content":"","_et_gb_content_width":"","footnotes":""},"class_list":["post-26105","page","type-page","status-publish","hentry"],"_links":{"self":[{"href":"https:\/\/powermotive.com\/fr\/wp-json\/wp\/v2\/pages\/26105","targetHints":{"allow":["GET"]}}],"collection":[{"href":"https:\/\/powermotive.com\/fr\/wp-json\/wp\/v2\/pages"}],"about":[{"href":"https:\/\/powermotive.com\/fr\/wp-json\/wp\/v2\/types\/page"}],"author":[{"embeddable":true,"href":"https:\/\/powermotive.com\/fr\/wp-json\/wp\/v2\/users\/1"}],"replies":[{"embeddable":true,"href":"https:\/\/powermotive.com\/fr\/wp-json\/wp\/v2\/comments?post=26105"}],"version-history":[{"count":2,"href":"https:\/\/powermotive.com\/fr\/wp-json\/wp\/v2\/pages\/26105\/revisions"}],"predecessor-version":[{"id":26111,"href":"https:\/\/powermotive.com\/fr\/wp-json\/wp\/v2\/pages\/26105\/revisions\/26111"}],"wp:attachment":[{"href":"https:\/\/powermotive.com\/fr\/wp-json\/wp\/v2\/media?parent=26105"}],"curies":[{"name":"wp","href":"https:\/\/api.w.org\/{rel}","templated":true}]}}